{"id":89,"date":"2017-06-22T13:44:11","date_gmt":"2017-06-22T13:44:11","guid":{"rendered":"http:\/\/195.114.1.23\/~abisynia\/?page_id=89"},"modified":"2017-12-14T20:05:27","modified_gmt":"2017-12-14T19:05:27","slug":"stowarzyszenie","status":"publish","type":"page","link":"https:\/\/abisynia.org\/?page_id=89","title":{"rendered":"Stowarzyszenie &#8211; geneza"},"content":{"rendered":"<p style=\"text-align: left;\">Micha\u0142 Rajewski<\/p>\n<p style=\"text-align: left;\">Prezes Zarz\u0105du Stowarzyszenia Mieszka\u0144c\u00f3w \u201eAbisynia\u201d<\/p>\n<p>&nbsp;<\/p>\n<p>Pod koniec lat osiemdziesi\u0105tych odbywa\u0142em praktyki studenckie w niewielkiej miejscowo\u015bci na Long Island w USA. Du\u017ca farma, na kt\u00f3rej mieszka\u0142em z moj\u0105 \u017con\u0105 przylega\u0142a do osiedla dom\u00f3w. By\u0142y to g\u0142\u00f3wnie budynki jednorodzinne, w kt\u00f3rych cz\u0119sto mieszka\u0142y kolejne ju\u017c, zakorzenione w tej okolicy pokolenia. Z nastaniem ciep\u0142ych dni obserwowa\u0142em z zaciekawieniem jak mieszka\u0144cy wystawiali krzes\u0142a i sto\u0142y, na kt\u00f3re wyk\u0142adali niepotrzebne ju\u017c im rzeczy.<\/p>\n<p><code><span class=\"collapseomatic \" id=\"id69d24bcd9f96a\"  tabindex=\"0\" title=\"czytaj wi\u0119cej...\"    >czytaj wi\u0119cej...<\/span><div id=\"target-id69d24bcd9f96a\" class=\"collapseomatic_content \"><\/code><\/p>\n<p>Te s\u0105siedzkie wyprzeda\u017ce ko\u0144czy\u0142y si\u0119 wzajemnym pocz\u0119stunkiem. Kosztuj\u0105c w\u0142asne wypieki mile przy tym rozmawiali i wymieniali uwagi na tematy dotycz\u0105ce ich otoczenia. Gdy kt\u00f3ry\u015b z mieszka\u0144c\u00f3w wyje\u017cd\u017ca\u0142 na wakacje, jego s\u0105siedzi dogl\u0105dali domu i obej\u015bcia dyskretnie pilnuj\u0105c, czy wszystko jest w porz\u0105dku. Gdy do ich spo\u0142eczno\u015bci wprowadza\u0142 si\u0119 nowy mieszkaniec, s\u0105siedzi organizowali ma\u0142e przyj\u0119cie powitalne, na kt\u00f3re ka\u017cdy przynosi\u0142 co\u015b do jedzenia lub picia. Je\u015bli kto\u015b opuszcza\u0142 spo\u0142eczno\u015b\u0107 na sta\u0142e, wyprawiano mu po\u017cegnalne party. Czy\u017c to nie pi\u0119kne?<\/p>\n<p>Musia\u0142o up\u0142yn\u0105\u0107 wiele lat, aby po szarzy\u017anie PRL-u i w naszym kraju zrodzi\u0142a si\u0119 potrzeba spo\u0142eczno\u015bci lokalnej.<\/p>\n<p>Szanuj\u0105c prawo do prywatno\u015bci oraz dobrowolno\u015b\u0107 cz\u0142onkostwa w naszym Stowarzyszeniu, postanowi\u0142em wyj\u015b\u0107 na przeciw temu wyzwaniu. Moje zaproszenie spotka\u0142o si\u0119 z prawdziwie szerokim odzewem w\u015br\u00f3d mieszka\u0144c\u00f3w Abisynii. Po raz pierwszy spotkali\u015bmy si\u0119 w ubieg\u0142ym roku w ogrodzie, a jesieni\u0105 2016 ruszy\u0142y \u017cmudne prace przygotowawcze do rejestracji naszego Stowarzyszenia.<\/p>\n<p>W ko\u0144cu dnia 29 maja 2017 uzyskali\u015bmy wpis do Krajowego Rejestru S\u0105dowego, kt\u00f3ry nada\u0142 nam osobowo\u015b\u0107 prawn\u0105. Teraz pozostaje ju\u017c tylko systematyczna praca na rzecz naszej ma\u0142ej, ale jak\u017ce wa\u017cnej dla nas wszystkich Abisynii.<\/p>\n<p><code><\/div><\/code><\/p>\n","protected":false},"excerpt":{"rendered":"<p>Micha\u0142 Rajewski Prezes Zarz\u0105du Stowarzyszenia Mieszka\u0144c\u00f3w \u201eAbisynia\u201d &nbsp; Pod koniec lat osiemdziesi\u0105tych odbywa\u0142em praktyki studenckie w niewielkiej miejscowo\u015bci na Long Island w USA. Du\u017ca farma, na kt\u00f3rej mieszka\u0142em z moj\u0105 \u017con\u0105 przylega\u0142a do osiedla dom\u00f3w. By\u0142y to g\u0142\u00f3wnie budynki jednorodzinne, w kt\u00f3rych cz\u0119sto mieszka\u0142y kolejne ju\u017c, zakorzenione w tej okolicy pokolenia. Z nastaniem ciep\u0142ych dni &hellip; <\/p>\n<p class=\"link-more\"><a href=\"https:\/\/abisynia.org\/?page_id=89\" class=\"more-link\">Czytaj dalej<span class=\"screen-reader-text\"> \u201eStowarzyszenie &#8211; geneza\u201d<\/span><\/a><\/p>\n","protected":false},"author":1,"featured_media":117,"parent":0,"menu_order":0,"comment_status":"closed","ping_status":"closed","template":"","meta":{"footnotes":""},"class_list":["post-89","page","type-page","status-publish","has-post-thumbnail","hentry"],"_links":{"self":[{"href":"https:\/\/abisynia.org\/index.php?rest_route=\/wp\/v2\/pages\/89","targetHints":{"allow":["GET"]}}],"collection":[{"href":"https:\/\/abisynia.org\/index.php?rest_route=\/wp\/v2\/pages"}],"about":[{"href":"https:\/\/abisynia.org\/index.php?rest_route=\/wp\/v2\/types\/page"}],"author":[{"embeddable":true,"href":"https:\/\/abisynia.org\/index.php?rest_route=\/wp\/v2\/users\/1"}],"replies":[{"embeddable":true,"href":"https:\/\/abisynia.org\/index.php?rest_route=%2Fwp%2Fv2%2Fcomments&post=89"}],"version-history":[{"count":12,"href":"https:\/\/abisynia.org\/index.php?rest_route=\/wp\/v2\/pages\/89\/revisions"}],"predecessor-version":[{"id":211,"href":"https:\/\/abisynia.org\/index.php?rest_route=\/wp\/v2\/pages\/89\/revisions\/211"}],"wp:featuredmedia":[{"embeddable":true,"href":"https:\/\/abisynia.org\/index.php?rest_route=\/wp\/v2\/media\/117"}],"wp:attachment":[{"href":"https:\/\/abisynia.org\/index.php?rest_route=%2Fwp%2Fv2%2Fmedia&parent=89"}],"curies":[{"name":"wp","href":"https:\/\/api.w.org\/{rel}","templated":true}]}}