{"id":163,"date":"2017-07-21T13:24:22","date_gmt":"2017-07-21T13:24:22","guid":{"rendered":"http:\/\/195.114.1.23\/~abisynia\/?page_id=163"},"modified":"2021-01-30T18:38:03","modified_gmt":"2021-01-30T17:38:03","slug":"impressum","status":"publish","type":"page","link":"https:\/\/abisynia.org\/?page_id=163","title":{"rendered":"Impressum"},"content":{"rendered":"<p>W\u0142a\u015bcicielem strony jest Stowarzyszenie Mieszka\u0144c\u00f3w &#8222;Abisynia&#8221;.<\/p>\n<p>Strony utworzono przy pomocy programu WordPress.<\/p>\n<p>Na stronach wykorzystano za zgod\u0105 w\u0142a\u015bcicieli nast\u0119puj\u0105ce materia\u0142y:<\/p>\n<ol>\n<li>plan parcelacyjny teren\u00f3w Abisynii wykonany w 1935r. dla miejskich wodoci\u0105g\u00f3w. Ze zbior\u00f3w Archiwum Pa\u0144stwowego w Poznaniu.<\/li>\n<li>zdj\u0119cie lotnicze z listopada 1945r. wykonane przez ameryka\u0144skie lotnictwo. Ze zbior\u00f3w Biblioteki Kongresu.<\/li>\n<li>fotografia- wiecha na domu Rybarczyk\u00f3w ok. 1937 r. Ze zbior\u00f3w Wojciecha Rybarczyka.<\/li>\n<li>fotografia &#8211; ulica Kasztela\u0144ska oko\u0142o 1937 r. Papiery Dymitra Kwiatkowskiego album Zofii z Arendt\u00f3w Kwiatkowskiej w zbiorach Biblioteki Raczy\u0144skich w Poznaniu.<\/li>\n<li>fotografia &#8211; W\u0142adys\u0142aw Zabrocki, docent Ferdynand Antkowski na motorze WFM przy Kanclerskiej. Ze zbior\u00f3w W\u0142adys\u0142awa Zabrockiego.<\/li>\n<li>fotografia &#8211; Zofia, Antoni Grzegorczyk (w oknie) oraz ich dzieci: Janina i Tadeusz, budynek Senatorska 9 ok. 1937r. Fotografia ze zbior\u00f3w Ewy Fr\u0105czyk.<\/li>\n<li>fotografia &#8211; przystanek tramwajowy przy ul. Kasztelan\u00f3w\/Grunwaldzkiej oko\u0142o 1938 r. Papiery Dymitra Kwiatkowskiego album Zofii z Arendt\u00f3w Kwiatkowskiej w zbiorach Biblioteki Raczy\u0144skich w Poznaniu<\/li>\n<li>fotografia &#8211; przystanek tramwajowy przy zbiegu ulic Kasztelan\u00f3w i Grunwaldzkiej z widocznym fragmentem kiosku W\u0142adys\u0142awa Dudziaka, ok. 1938r. Ze zbior\u00f3w Pracowni Zbior\u00f3w Ikonograficznych Biblioteki Uniwersyteckiej w Poznaniu<\/li>\n<li>fotografia &#8211; przystanek autobusowy przy Bu\u0142garskie ok. 1965 r. Ze zbior\u00f3w Miejskiego Konserwatora Zabytk\u00f3w w Poznaniu.<\/li>\n<li>widok osiedla z drona, 2017r. autor Marcin Kaczmarek.<\/li>\n<\/ol>\n<p>&nbsp;<\/p>\n<p style=\"text-align: center;\">\u00a9 2017 Stowarzyszenie Mieszka\u0144c\u00f3w &#8222;ABISYNIA&#8221;<\/p>\n<p>&nbsp;<\/p>\n","protected":false},"excerpt":{"rendered":"<p>W\u0142a\u015bcicielem strony jest Stowarzyszenie Mieszka\u0144c\u00f3w &#8222;Abisynia&#8221;. Strony utworzono przy pomocy programu WordPress. Na stronach wykorzystano za zgod\u0105 w\u0142a\u015bcicieli nast\u0119puj\u0105ce materia\u0142y: plan parcelacyjny teren\u00f3w Abisynii wykonany w 1935r. dla miejskich wodoci\u0105g\u00f3w. Ze zbior\u00f3w Archiwum Pa\u0144stwowego w Poznaniu. zdj\u0119cie lotnicze z listopada 1945r. wykonane przez ameryka\u0144skie lotnictwo. Ze zbior\u00f3w Biblioteki Kongresu. fotografia- wiecha na domu Rybarczyk\u00f3w ok. &hellip; <\/p>\n<p class=\"link-more\"><a href=\"https:\/\/abisynia.org\/?page_id=163\" class=\"more-link\">Czytaj dalej<span class=\"screen-reader-text\"> \u201eImpressum\u201d<\/span><\/a><\/p>\n","protected":false},"author":1,"featured_media":0,"parent":0,"menu_order":0,"comment_status":"closed","ping_status":"closed","template":"","meta":{"footnotes":""},"class_list":["post-163","page","type-page","status-publish","hentry"],"_links":{"self":[{"href":"https:\/\/abisynia.org\/index.php?rest_route=\/wp\/v2\/pages\/163","targetHints":{"allow":["GET"]}}],"collection":[{"href":"https:\/\/abisynia.org\/index.php?rest_route=\/wp\/v2\/pages"}],"about":[{"href":"https:\/\/abisynia.org\/index.php?rest_route=\/wp\/v2\/types\/page"}],"author":[{"embeddable":true,"href":"https:\/\/abisynia.org\/index.php?rest_route=\/wp\/v2\/users\/1"}],"replies":[{"embeddable":true,"href":"https:\/\/abisynia.org\/index.php?rest_route=%2Fwp%2Fv2%2Fcomments&post=163"}],"version-history":[{"count":5,"href":"https:\/\/abisynia.org\/index.php?rest_route=\/wp\/v2\/pages\/163\/revisions"}],"predecessor-version":[{"id":193,"href":"https:\/\/abisynia.org\/index.php?rest_route=\/wp\/v2\/pages\/163\/revisions\/193"}],"wp:attachment":[{"href":"https:\/\/abisynia.org\/index.php?rest_route=%2Fwp%2Fv2%2Fmedia&parent=163"}],"curies":[{"name":"wp","href":"https:\/\/api.w.org\/{rel}","templated":true}]}}